{"id":94,"date":"2015-02-02T16:18:49","date_gmt":"2015-02-02T15:18:49","guid":{"rendered":"http:\/\/www.logbuch-iss.de\/?page_id=94"},"modified":"2015-02-02T16:18:49","modified_gmt":"2015-02-02T15:18:49","slug":"info","status":"publish","type":"page","link":"https:\/\/www.logbuch-iss.de\/?page_id=94","title":{"rendered":"Info"},"content":{"rendered":"<p>ESA Astronautin Samanta Cristoforetti ist seit dem 13. November 2014 im Einsatz an Bord der ISS.<br \/>\nSamantha schreibt ein Tagebuch (Logbook\/Logbuch), Ihr findet auf dieser Website meine deutschen \u00dcbersetzungen aus den originalen Beitr\u00e4gen auf Google+.<\/p>\n<p>Begonnen habe ich hiermit erst Ende Januar 2015, es gibt daher nicht allzu viele Beitr\u00e4ge aus der Zeit seit dem Start und vom Training davor.<br \/>\nIn unregelm\u00e4\u00dfigen Abst\u00e4nden werde ich \u00e4ltere Beitr\u00e4ge hinzuf\u00fcgen, der Fokus liegt aber auf den aktuellen.<br \/>\nSamantha ver\u00f6ffentlicht alle paar Tage einen neuen Logbucheintrag, also schaut regelm\u00e4\u00dfig vorbei, tragt Euch in den Newsletter ein oder folgt mir auf Twitter (<a href=\"https:\/\/twitter.com\/Bennorsson\" target=\"_blank\">@Bennorsson<\/a>).<\/p>\n<p>Solltet Ihr Fehler finden oder Verbesserungsvorschl\u00e4ge haben, so freue ich mich auf eine e-mail \u00fcber das <a title=\"Kontakt\" href=\"http:\/\/www.logbuch-iss.de\/kontakt\/\">Kontaktformular<\/a>.<\/p>\n<p><strong>Links<\/strong><br \/>\nSamanthas Google+ Profil<br \/>\n<a href=\"https:\/\/plus.google.com\/u\/0\/+SamanthaCristoforetti\/posts\" target=\"_blank\">https:\/\/plus.google.com\/u\/0\/+SamanthaCristoforetti\/posts<\/a><\/p>\n<p>ESA<br \/>\n<a href=\"http:\/\/www.esa.int\/Our_Activities\/Human_Spaceflight\/Futura\" target=\"_blank\">http:\/\/www.esa.int\/Our_Activities\/Human_Spaceflight\/Futura<\/a><\/p>\n<p>NASA<br \/>\n<a href=\"http:\/\/www.nasa.gov\" target=\"_blank\">http:\/\/www.nasa.gov<\/a><\/p>\n","protected":false},"excerpt":{"rendered":"<p>ESA Astronautin Samanta Cristoforetti ist seit dem 13. November 2014 im Einsatz an Bord der ISS. Samantha schreibt ein Tagebuch (Logbook\/Logbuch), Ihr findet auf dieser Website meine deutschen \u00dcbersetzungen aus den originalen Beitr\u00e4gen auf Google+. Begonnen habe ich hiermit erst Ende Januar 2015, es gibt daher nicht allzu viele Beitr\u00e4ge aus der Zeit seit dem &hellip; <a href=\"https:\/\/www.logbuch-iss.de\/?page_id=94\" class=\"more-link\"><span class=\"screen-reader-text\">Info<\/span> weiterlesen <span class=\"meta-nav\">&rarr;<\/span><\/a><\/p>\n","protected":false},"author":1,"featured_media":0,"parent":0,"menu_order":0,"comment_status":"closed","ping_status":"closed","template":"","meta":{"footnotes":""},"class_list":["post-94","page","type-page","status-publish","hentry"],"_links":{"self":[{"href":"https:\/\/www.logbuch-iss.de\/index.php?rest_route=\/wp\/v2\/pages\/94","targetHints":{"allow":["GET"]}}],"collection":[{"href":"https:\/\/www.logbuch-iss.de\/index.php?rest_route=\/wp\/v2\/pages"}],"about":[{"href":"https:\/\/www.logbuch-iss.de\/index.php?rest_route=\/wp\/v2\/types\/page"}],"author":[{"embeddable":true,"href":"https:\/\/www.logbuch-iss.de\/index.php?rest_route=\/wp\/v2\/users\/1"}],"replies":[{"embeddable":true,"href":"https:\/\/www.logbuch-iss.de\/index.php?rest_route=%2Fwp%2Fv2%2Fcomments&post=94"}],"version-history":[{"count":0,"href":"https:\/\/www.logbuch-iss.de\/index.php?rest_route=\/wp\/v2\/pages\/94\/revisions"}],"wp:attachment":[{"href":"https:\/\/www.logbuch-iss.de\/index.php?rest_route=%2Fwp%2Fv2%2Fmedia&parent=94"}],"curies":[{"name":"wp","href":"https:\/\/api.w.org\/{rel}","templated":true}]}}